{"id":596,"date":"2020-08-29T10:45:17","date_gmt":"2020-08-29T10:45:17","guid":{"rendered":"http:\/\/fgimeno.com\/?page_id=596"},"modified":"2026-02-15T09:46:15","modified_gmt":"2026-02-15T09:46:15","slug":"art-sound","status":"publish","type":"page","link":"https:\/\/fgimeno.com\/es\/art-sound\/","title":{"rendered":"Instalaciones"},"content":{"rendered":"<p><\/p>\n\n\n\n<figure class=\"wp-block-table\"><table><tbody><tr><iframe width=\"560\" height=\"315\" src=\"https:\/\/www.youtube.com\/embed\/jhmmgPk_L34\" frameborder=\"0\" allow=\"accelerometer; autoplay; clipboard-write; encrypted-media; gyroscope; picture-in-picture\" allowfullscreen><\/iframe><td><\/td><\/tr><\/tbody><\/table><\/figure>\n\n\n\n<figure class=\"wp-block-image size-large is-style-default\"><img fetchpriority=\"high\" decoding=\"async\" width=\"1024\" height=\"81\" src=\"https:\/\/fgimeno.com\/wp-content\/uploads\/2022\/02\/plano-largo-prueba-Layout2-3-1090x86@2x-1024x81.jpg\" alt=\"\" class=\"wp-image-1637\" srcset=\"https:\/\/fgimeno.com\/wp-content\/uploads\/2022\/02\/plano-largo-prueba-Layout2-3-1090x86@2x-1024x81.jpg 1024w, https:\/\/fgimeno.com\/wp-content\/uploads\/2022\/02\/plano-largo-prueba-Layout2-3-1090x86@2x-300x24.jpg 300w, https:\/\/fgimeno.com\/wp-content\/uploads\/2022\/02\/plano-largo-prueba-Layout2-3-1090x86@2x-768x61.jpg 768w, https:\/\/fgimeno.com\/wp-content\/uploads\/2022\/02\/plano-largo-prueba-Layout2-3-1090x86@2x-1536x121.jpg 1536w, https:\/\/fgimeno.com\/wp-content\/uploads\/2022\/02\/plano-largo-prueba-Layout2-3-1090x86@2x-2048x162.jpg 2048w, https:\/\/fgimeno.com\/wp-content\/uploads\/2022\/02\/plano-largo-prueba-Layout2-3-1090x86@2x-18x1.jpg 18w\" sizes=\"(max-width: 1024px) 100vw, 1024px\" \/><\/figure>\n\n\n\n<p>Ef\u00edmera nace de la necesidad de crear un espacio de experimentaci\u00f3n para la arquitectura ef\u00edmera desde una posici\u00f3n l\u00fadica y participativa. Nos interesa una visi\u00f3n de la arquitectura centrada no tanto en los objetos ni en sus atributos cl\u00e1sicos (materialidad, l\u00edmites), como en cualidades constructivas m\u00e1s difusas (sonido, luz, atm\u00f3sferas), relacionadas \u00edntimamente con la noci\u00f3n de paisaje. <\/p>\n\n\n\n<p>La primera edici\u00f3n tuvo lugar en Madrid, 17-12-19, en los patios de La Casa Encendida, como parte de las celebraciones del 2019 United Nations Climate Change Conference in Madrid (COP25).<\/p>\n\n\n\n<p>Mas informaci\u00f3n en <a href=\"http:\/\/efimera.madstock.es\/\">efimera.madstock.es<\/a><\/p>\n\n\n\n<div class=\"wp-block-image\"><figure class=\"alignleft size-large is-resized\"><a href=\"http:\/\/madstock.es\/\"><img decoding=\"async\" src=\"https:\/\/fgimeno.com\/wp-content\/uploads\/2020\/09\/NEGRO-1-e1575995748601.png\" alt=\"\" class=\"wp-image-706\" width=\"67\" height=\"70\"\/><\/a><\/figure><\/div>\n\n\n\n<p> <\/p>","protected":false},"excerpt":{"rendered":"<p>Ef\u00edmera was born to create interactive and ludic spaces for the development of Ephemeral Architecture, thus defending a notion of architecture that operates with materials defined by non-corporeal attributes: light,<a href=\"https:\/\/fgimeno.com\/es\/art-sound\/\" class=\"more-link\"><span class=\"readmore\">Seguir leyendo<span class=\"screen-reader-text\">Instalaciones<\/span><\/span><\/a><\/p>","protected":false},"author":1,"featured_media":0,"parent":0,"menu_order":0,"comment_status":"closed","ping_status":"closed","template":"","meta":{"_monsterinsights_skip_tracking":false,"_monsterinsights_sitenote_active":false,"_monsterinsights_sitenote_note":"","_monsterinsights_sitenote_category":0,"footnotes":""},"class_list":["post-596","page","type-page","status-publish","hentry"],"yoast_head":"<!-- This site is optimized with the Yoast SEO plugin v27.0 - https:\/\/yoast.com\/product\/yoast-seo-wordpress\/ -->\n<title>Sound Installations - Fernando Gimeno<\/title>\n<meta name=\"robots\" content=\"index, follow, max-snippet:-1, max-image-preview:large, max-video-preview:-1\" \/>\n<link rel=\"canonical\" href=\"https:\/\/fgimeno.com\/es\/art-sound\/\" \/>\n<meta property=\"og:locale\" content=\"es_ES\" \/>\n<meta property=\"og:type\" content=\"article\" \/>\n<meta property=\"og:title\" content=\"Sound Installations - Fernando Gimeno\" \/>\n<meta property=\"og:description\" content=\"Ef\u00edmera was born to create interactive and ludic spaces for the development of Ephemeral Architecture, thus defending a notion of architecture that operates with materials defined by non-corporeal attributes: light,Seguir leyendoSound Installations\" \/>\n<meta property=\"og:url\" content=\"https:\/\/fgimeno.com\/es\/art-sound\/\" \/>\n<meta property=\"og:site_name\" content=\"Fernando Gimeno\" \/>\n<meta property=\"article:modified_time\" content=\"2026-02-15T09:46:15+00:00\" \/>\n<meta property=\"og:image\" content=\"https:\/\/fgimeno.com\/wp-content\/uploads\/2022\/02\/plano-largo-prueba-Layout2-3-1090x86@2x.jpg\" \/>\n\t<meta property=\"og:image:width\" content=\"2180\" \/>\n\t<meta property=\"og:image:height\" content=\"172\" \/>\n\t<meta property=\"og:image:type\" content=\"image\/jpeg\" \/>\n<meta name=\"twitter:card\" content=\"summary_large_image\" \/>\n<meta name=\"twitter:label1\" content=\"Tiempo de lectura\" \/>\n\t<meta name=\"twitter:data1\" content=\"1 minuto\" \/>\n<script type=\"application\/ld+json\" class=\"yoast-schema-graph\">{\"@context\":\"https:\/\/schema.org\",\"@graph\":[{\"@type\":\"WebPage\",\"@id\":\"https:\/\/fgimeno.com\/art-sound\/\",\"url\":\"https:\/\/fgimeno.com\/art-sound\/\",\"name\":\"Sound Installations - Fernando Gimeno\",\"isPartOf\":{\"@id\":\"https:\/\/fgimeno.com\/#website\"},\"primaryImageOfPage\":{\"@id\":\"https:\/\/fgimeno.com\/art-sound\/#primaryimage\"},\"image\":{\"@id\":\"https:\/\/fgimeno.com\/art-sound\/#primaryimage\"},\"thumbnailUrl\":\"https:\/\/fgimeno.com\/wp-content\/uploads\/2022\/02\/plano-largo-prueba-Layout2-3-1090x86@2x-1024x81.jpg\",\"datePublished\":\"2020-08-29T10:45:17+00:00\",\"dateModified\":\"2026-02-15T09:46:15+00:00\",\"breadcrumb\":{\"@id\":\"https:\/\/fgimeno.com\/art-sound\/#breadcrumb\"},\"inLanguage\":\"es\",\"potentialAction\":[{\"@type\":\"ReadAction\",\"target\":[\"https:\/\/fgimeno.com\/art-sound\/\"]}]},{\"@type\":\"ImageObject\",\"inLanguage\":\"es\",\"@id\":\"https:\/\/fgimeno.com\/art-sound\/#primaryimage\",\"url\":\"https:\/\/fgimeno.com\/wp-content\/uploads\/2022\/02\/plano-largo-prueba-Layout2-3-1090x86@2x-1024x81.jpg\",\"contentUrl\":\"https:\/\/fgimeno.com\/wp-content\/uploads\/2022\/02\/plano-largo-prueba-Layout2-3-1090x86@2x-1024x81.jpg\"},{\"@type\":\"BreadcrumbList\",\"@id\":\"https:\/\/fgimeno.com\/art-sound\/#breadcrumb\",\"itemListElement\":[{\"@type\":\"ListItem\",\"position\":1,\"name\":\"Portada\",\"item\":\"https:\/\/fgimeno.com\/\"},{\"@type\":\"ListItem\",\"position\":2,\"name\":\"Sound Installations\"}]},{\"@type\":\"WebSite\",\"@id\":\"https:\/\/fgimeno.com\/#website\",\"url\":\"https:\/\/fgimeno.com\/\",\"name\":\"Fernando Gimeno\",\"description\":\"Composer &amp; Audio Director | London - Madrid\",\"publisher\":{\"@id\":\"https:\/\/fgimeno.com\/#\/schema\/person\/784647d83b68de5e963b594f75d86722\"},\"potentialAction\":[{\"@type\":\"SearchAction\",\"target\":{\"@type\":\"EntryPoint\",\"urlTemplate\":\"https:\/\/fgimeno.com\/?s={search_term_string}\"},\"query-input\":{\"@type\":\"PropertyValueSpecification\",\"valueRequired\":true,\"valueName\":\"search_term_string\"}}],\"inLanguage\":\"es\"},{\"@type\":[\"Person\",\"Organization\"],\"@id\":\"https:\/\/fgimeno.com\/#\/schema\/person\/784647d83b68de5e963b594f75d86722\",\"name\":\"fgimeno\",\"image\":{\"@type\":\"ImageObject\",\"inLanguage\":\"es\",\"@id\":\"https:\/\/fgimeno.com\/#\/schema\/person\/image\/\",\"url\":\"https:\/\/secure.gravatar.com\/avatar\/175350c6b59cc4b7fd0b87c428ffed3bc47c0d237659b85a602004e9e456b081?s=96&d=mm&r=g\",\"contentUrl\":\"https:\/\/secure.gravatar.com\/avatar\/175350c6b59cc4b7fd0b87c428ffed3bc47c0d237659b85a602004e9e456b081?s=96&d=mm&r=g\",\"caption\":\"fgimeno\"},\"logo\":{\"@id\":\"https:\/\/fgimeno.com\/#\/schema\/person\/image\/\"}}]}<\/script>\n<!-- \/ Yoast SEO plugin. -->","yoast_head_json":{"title":"Sound Installations - Fernando Gimeno","robots":{"index":"index","follow":"follow","max-snippet":"max-snippet:-1","max-image-preview":"max-image-preview:large","max-video-preview":"max-video-preview:-1"},"canonical":"https:\/\/fgimeno.com\/es\/art-sound\/","og_locale":"es_ES","og_type":"article","og_title":"Sound Installations - Fernando Gimeno","og_description":"Ef\u00edmera was born to create interactive and ludic spaces for the development of Ephemeral Architecture, thus defending a notion of architecture that operates with materials defined by non-corporeal attributes: light,Seguir leyendoSound Installations","og_url":"https:\/\/fgimeno.com\/es\/art-sound\/","og_site_name":"Fernando Gimeno","article_modified_time":"2026-02-15T09:46:15+00:00","og_image":[{"width":2180,"height":172,"url":"https:\/\/fgimeno.com\/wp-content\/uploads\/2022\/02\/plano-largo-prueba-Layout2-3-1090x86@2x.jpg","type":"image\/jpeg"}],"twitter_card":"summary_large_image","twitter_misc":{"Tiempo de lectura":"1 minuto"},"schema":{"@context":"https:\/\/schema.org","@graph":[{"@type":"WebPage","@id":"https:\/\/fgimeno.com\/art-sound\/","url":"https:\/\/fgimeno.com\/art-sound\/","name":"Sound Installations - Fernando Gimeno","isPartOf":{"@id":"https:\/\/fgimeno.com\/#website"},"primaryImageOfPage":{"@id":"https:\/\/fgimeno.com\/art-sound\/#primaryimage"},"image":{"@id":"https:\/\/fgimeno.com\/art-sound\/#primaryimage"},"thumbnailUrl":"https:\/\/fgimeno.com\/wp-content\/uploads\/2022\/02\/plano-largo-prueba-Layout2-3-1090x86@2x-1024x81.jpg","datePublished":"2020-08-29T10:45:17+00:00","dateModified":"2026-02-15T09:46:15+00:00","breadcrumb":{"@id":"https:\/\/fgimeno.com\/art-sound\/#breadcrumb"},"inLanguage":"es","potentialAction":[{"@type":"ReadAction","target":["https:\/\/fgimeno.com\/art-sound\/"]}]},{"@type":"ImageObject","inLanguage":"es","@id":"https:\/\/fgimeno.com\/art-sound\/#primaryimage","url":"https:\/\/fgimeno.com\/wp-content\/uploads\/2022\/02\/plano-largo-prueba-Layout2-3-1090x86@2x-1024x81.jpg","contentUrl":"https:\/\/fgimeno.com\/wp-content\/uploads\/2022\/02\/plano-largo-prueba-Layout2-3-1090x86@2x-1024x81.jpg"},{"@type":"BreadcrumbList","@id":"https:\/\/fgimeno.com\/art-sound\/#breadcrumb","itemListElement":[{"@type":"ListItem","position":1,"name":"Portada","item":"https:\/\/fgimeno.com\/"},{"@type":"ListItem","position":2,"name":"Sound Installations"}]},{"@type":"WebSite","@id":"https:\/\/fgimeno.com\/#website","url":"https:\/\/fgimeno.com\/","name":"Fernando Gimeno","description":"Composer &amp; Audio Director | London - Madrid","publisher":{"@id":"https:\/\/fgimeno.com\/#\/schema\/person\/784647d83b68de5e963b594f75d86722"},"potentialAction":[{"@type":"SearchAction","target":{"@type":"EntryPoint","urlTemplate":"https:\/\/fgimeno.com\/?s={search_term_string}"},"query-input":{"@type":"PropertyValueSpecification","valueRequired":true,"valueName":"search_term_string"}}],"inLanguage":"es"},{"@type":["Person","Organization"],"@id":"https:\/\/fgimeno.com\/#\/schema\/person\/784647d83b68de5e963b594f75d86722","name":"fgimeno","image":{"@type":"ImageObject","inLanguage":"es","@id":"https:\/\/fgimeno.com\/#\/schema\/person\/image\/","url":"https:\/\/secure.gravatar.com\/avatar\/175350c6b59cc4b7fd0b87c428ffed3bc47c0d237659b85a602004e9e456b081?s=96&d=mm&r=g","contentUrl":"https:\/\/secure.gravatar.com\/avatar\/175350c6b59cc4b7fd0b87c428ffed3bc47c0d237659b85a602004e9e456b081?s=96&d=mm&r=g","caption":"fgimeno"},"logo":{"@id":"https:\/\/fgimeno.com\/#\/schema\/person\/image\/"}}]}},"_links":{"self":[{"href":"https:\/\/fgimeno.com\/es\/wp-json\/wp\/v2\/pages\/596","targetHints":{"allow":["GET"]}}],"collection":[{"href":"https:\/\/fgimeno.com\/es\/wp-json\/wp\/v2\/pages"}],"about":[{"href":"https:\/\/fgimeno.com\/es\/wp-json\/wp\/v2\/types\/page"}],"author":[{"embeddable":true,"href":"https:\/\/fgimeno.com\/es\/wp-json\/wp\/v2\/users\/1"}],"replies":[{"embeddable":true,"href":"https:\/\/fgimeno.com\/es\/wp-json\/wp\/v2\/comments?post=596"}],"version-history":[{"count":44,"href":"https:\/\/fgimeno.com\/es\/wp-json\/wp\/v2\/pages\/596\/revisions"}],"predecessor-version":[{"id":1799,"href":"https:\/\/fgimeno.com\/es\/wp-json\/wp\/v2\/pages\/596\/revisions\/1799"}],"wp:attachment":[{"href":"https:\/\/fgimeno.com\/es\/wp-json\/wp\/v2\/media?parent=596"}],"curies":[{"name":"wp","href":"https:\/\/api.w.org\/{rel}","templated":true}]}}