{"id":498,"date":"2020-05-09T08:36:34","date_gmt":"2020-05-09T08:36:34","guid":{"rendered":"http:\/\/fgimeno.com\/?page_id=498"},"modified":"2026-02-15T09:46:15","modified_gmt":"2026-02-15T09:46:15","slug":"soundprints","status":"publish","type":"page","link":"https:\/\/fgimeno.com\/es\/soundprints\/","title":{"rendered":"SoundPrints London"},"content":{"rendered":"<p>Colectivo de compositores y productores dedicado a la producci\u00f3n de m\u00fasica para proyectos multimedia. Nos encargamos de todos los pasos del proceso internamente, por lo que podemos brindar los servicios m\u00e1s flexibles en Composici\u00f3n Musical, Transcripci\u00f3n, Orquestaci\u00f3n e Ingenier\u00eda de Sonido. &nbsp;<\/p>\n\n\n\n<p>Desde nuestra base en Londres, Soundprints quiere ser un lugar de encuentro para compositores, donde colaborar y trabajar juntos para desarrollar projectos audiovisuales de todo  tipo. De esta manera complementamos lenguajes musicales personales, enfoques est\u00e9ticos y habilidades distintas, con el objetivo de poder realizar distintos proyectos art\u00edsticos y profesionales.<\/p>\n\n\n\n<p>Nuestros servicios incluyen:<\/p>\n\n\n\n<ul class=\"wp-block-list\"><li>Composici\u00f3n musical y producci\u00f3n de bandas sonoras.<\/li><li>Post-producci\u00f3n de audio: dise\u00f1o de sonido, foley, restauraci\u00f3n de audio, masterizaci\u00f3n y mezcla.<\/li><li>Servicios de transcripci\u00f3n, copia y preparaci\u00f3n de partituras.<\/li><li>Edici\u00f3n de dialogo y producci\u00f3n de Podcast.<\/li><\/ul>\n\n\n\n<p><\/p>\n\n\n\n<p class=\"has-text-align-left\">B\u00fascanos en  <a href=\"https:\/\/www.upwork.com\/agencies\/~012a5c202f90b04d6d\"><img decoding=\"async\" width=\"150\" height=\"44\" class=\"wp-image-521\" style=\"width: 150px;\" src=\"http:\/\/fgimeno.com\/wp-content\/uploads\/2020\/05\/descarga.png\" alt=\"\" srcset=\"https:\/\/fgimeno.com\/wp-content\/uploads\/2020\/05\/descarga.png 414w, https:\/\/fgimeno.com\/wp-content\/uploads\/2020\/05\/descarga-300x88.png 300w\" sizes=\"(max-width: 150px) 100vw, 150px\" \/><\/a><\/p>\n\n\n\n<p class=\"has-white-color has-text-color\">.<\/p>\n\n\n\n<figure class=\"wp-block-gallery columns-3 is-cropped wp-block-gallery-1 is-layout-flex wp-block-gallery-is-layout-flex\"><ul class=\"blocks-gallery-grid\"><li class=\"blocks-gallery-item\"><figure><img fetchpriority=\"high\" decoding=\"async\" width=\"1024\" height=\"576\" src=\"http:\/\/fgimeno.com\/wp-content\/uploads\/2020\/05\/86609159_4134013436624431_2238703028175634432_o-1024x576.jpg\" alt=\"\" data-id=\"530\" data-full-url=\"http:\/\/fgimeno.com\/wp-content\/uploads\/2020\/05\/86609159_4134013436624431_2238703028175634432_o.jpg\" data-link=\"http:\/\/fgimeno.com\/soundprints\/86609159_4134013436624431_2238703028175634432_o\" class=\"wp-image-530\" srcset=\"https:\/\/fgimeno.com\/wp-content\/uploads\/2020\/05\/86609159_4134013436624431_2238703028175634432_o-1024x576.jpg 1024w, https:\/\/fgimeno.com\/wp-content\/uploads\/2020\/05\/86609159_4134013436624431_2238703028175634432_o-300x169.jpg 300w, https:\/\/fgimeno.com\/wp-content\/uploads\/2020\/05\/86609159_4134013436624431_2238703028175634432_o-768x432.jpg 768w, https:\/\/fgimeno.com\/wp-content\/uploads\/2020\/05\/86609159_4134013436624431_2238703028175634432_o-1536x864.jpg 1536w, https:\/\/fgimeno.com\/wp-content\/uploads\/2020\/05\/86609159_4134013436624431_2238703028175634432_o-990x556.jpg 990w, https:\/\/fgimeno.com\/wp-content\/uploads\/2020\/05\/86609159_4134013436624431_2238703028175634432_o.jpg 1920w\" sizes=\"(max-width: 1024px) 100vw, 1024px\" \/><\/figure><\/li><li class=\"blocks-gallery-item\"><figure><img decoding=\"async\" width=\"1024\" height=\"438\" src=\"http:\/\/fgimeno.com\/wp-content\/uploads\/2020\/05\/vlcsnap-2020-05-03-11h40m10s101-e1605695428722-1024x438.png\" alt=\"\" data-id=\"466\" data-full-url=\"http:\/\/fgimeno.com\/wp-content\/uploads\/2020\/05\/vlcsnap-2020-05-03-11h40m10s101-e1605696061319.png\" data-link=\"http:\/\/fgimeno.com\/showreels__trashed\/vlcsnap-2020-05-03-11h40m10s101\" class=\"wp-image-466\"\/><\/figure><\/li><li class=\"blocks-gallery-item\"><figure><img loading=\"lazy\" decoding=\"async\" width=\"1024\" height=\"437\" src=\"http:\/\/fgimeno.com\/wp-content\/uploads\/2020\/05\/vlcsnap-2020-05-03-11h32m57s059-e1588503959805-1024x437.png\" alt=\"\" data-id=\"455\" data-full-url=\"http:\/\/fgimeno.com\/wp-content\/uploads\/2020\/05\/vlcsnap-2020-05-03-11h32m57s059-e1608290326854.png\" data-link=\"http:\/\/fgimeno.com\/showreels__trashed\/vlcsnap-2020-05-03-11h32m57s059\" class=\"wp-image-455\"\/><\/figure><\/li><li class=\"blocks-gallery-item\"><figure><img loading=\"lazy\" decoding=\"async\" width=\"1024\" height=\"521\" src=\"http:\/\/fgimeno.com\/wp-content\/uploads\/2020\/05\/Screenshot-2020-02-23-at-12.58.52-e1589021970727-1024x521.png\" alt=\"\" data-id=\"532\" data-full-url=\"http:\/\/fgimeno.com\/wp-content\/uploads\/2020\/05\/Screenshot-2020-02-23-at-12.58.52-e1589021970727.png\" data-link=\"http:\/\/fgimeno.com\/soundprints\/screenshot-2020-02-23-at-12-58-52\" class=\"wp-image-532\" srcset=\"https:\/\/fgimeno.com\/wp-content\/uploads\/2020\/05\/Screenshot-2020-02-23-at-12.58.52-e1589021970727-1024x521.png 1024w, https:\/\/fgimeno.com\/wp-content\/uploads\/2020\/05\/Screenshot-2020-02-23-at-12.58.52-e1589021970727-300x153.png 300w, https:\/\/fgimeno.com\/wp-content\/uploads\/2020\/05\/Screenshot-2020-02-23-at-12.58.52-e1589021970727-768x391.png 768w, https:\/\/fgimeno.com\/wp-content\/uploads\/2020\/05\/Screenshot-2020-02-23-at-12.58.52-e1589021970727-1536x781.png 1536w, https:\/\/fgimeno.com\/wp-content\/uploads\/2020\/05\/Screenshot-2020-02-23-at-12.58.52-e1589021970727-2048x1042.png 2048w\" sizes=\"(max-width: 1024px) 100vw, 1024px\" \/><\/figure><\/li><li class=\"blocks-gallery-item\"><figure><img loading=\"lazy\" decoding=\"async\" width=\"1024\" height=\"437\" src=\"http:\/\/fgimeno.com\/wp-content\/uploads\/2020\/05\/vlcsnap-2020-05-03-11h37m22s921-e1608289940763-1024x437.png\" alt=\"\" data-id=\"460\" data-full-url=\"http:\/\/fgimeno.com\/wp-content\/uploads\/2020\/05\/vlcsnap-2020-05-03-11h37m22s921-e1608289940763.png\" data-link=\"http:\/\/fgimeno.com\/showreels__trashed\/vlcsnap-2020-05-03-11h37m22s921\" class=\"wp-image-460\" srcset=\"https:\/\/fgimeno.com\/wp-content\/uploads\/2020\/05\/vlcsnap-2020-05-03-11h37m22s921-e1608289940763-1024x437.png 1024w, https:\/\/fgimeno.com\/wp-content\/uploads\/2020\/05\/vlcsnap-2020-05-03-11h37m22s921-e1608289940763-300x128.png 300w, https:\/\/fgimeno.com\/wp-content\/uploads\/2020\/05\/vlcsnap-2020-05-03-11h37m22s921-e1608289940763-768x328.png 768w, https:\/\/fgimeno.com\/wp-content\/uploads\/2020\/05\/vlcsnap-2020-05-03-11h37m22s921-e1608289940763-1536x656.png 1536w, https:\/\/fgimeno.com\/wp-content\/uploads\/2020\/05\/vlcsnap-2020-05-03-11h37m22s921-e1608289940763-16x7.png 16w, https:\/\/fgimeno.com\/wp-content\/uploads\/2020\/05\/vlcsnap-2020-05-03-11h37m22s921-e1608289940763.png 1920w\" sizes=\"(max-width: 1024px) 100vw, 1024px\" \/><\/figure><\/li><li class=\"blocks-gallery-item\"><figure><img loading=\"lazy\" decoding=\"async\" width=\"1024\" height=\"520\" src=\"http:\/\/fgimeno.com\/wp-content\/uploads\/2020\/05\/Screenshot-2020-02-23-at-12.59.38-1024x520.png\" alt=\"\" data-id=\"537\" data-full-url=\"http:\/\/fgimeno.com\/wp-content\/uploads\/2020\/05\/Screenshot-2020-02-23-at-12.59.38.png\" data-link=\"http:\/\/fgimeno.com\/soundprints\/screenshot-2020-02-23-at-12-59-38\" class=\"wp-image-537\" srcset=\"https:\/\/fgimeno.com\/wp-content\/uploads\/2020\/05\/Screenshot-2020-02-23-at-12.59.38-1024x520.png 1024w, https:\/\/fgimeno.com\/wp-content\/uploads\/2020\/05\/Screenshot-2020-02-23-at-12.59.38-300x152.png 300w, https:\/\/fgimeno.com\/wp-content\/uploads\/2020\/05\/Screenshot-2020-02-23-at-12.59.38-768x390.png 768w, https:\/\/fgimeno.com\/wp-content\/uploads\/2020\/05\/Screenshot-2020-02-23-at-12.59.38-1536x781.png 1536w, https:\/\/fgimeno.com\/wp-content\/uploads\/2020\/05\/Screenshot-2020-02-23-at-12.59.38-2048x1041.png 2048w\" sizes=\"(max-width: 1024px) 100vw, 1024px\" \/><\/figure><\/li><li class=\"blocks-gallery-item\"><figure><img loading=\"lazy\" decoding=\"async\" width=\"1024\" height=\"438\" src=\"http:\/\/fgimeno.com\/wp-content\/uploads\/2020\/05\/vlcsnap-2020-05-03-11h38m07s010-e1589021940301-1024x438.png\" alt=\"\" data-id=\"462\" data-full-url=\"http:\/\/fgimeno.com\/wp-content\/uploads\/2020\/05\/vlcsnap-2020-05-03-11h38m07s010-e1589021940301.png\" data-link=\"http:\/\/fgimeno.com\/showreels__trashed\/vlcsnap-2020-05-03-11h38m07s010\" class=\"wp-image-462\" srcset=\"https:\/\/fgimeno.com\/wp-content\/uploads\/2020\/05\/vlcsnap-2020-05-03-11h38m07s010-e1589021940301-1024x438.png 1024w, https:\/\/fgimeno.com\/wp-content\/uploads\/2020\/05\/vlcsnap-2020-05-03-11h38m07s010-e1589021940301-300x128.png 300w, https:\/\/fgimeno.com\/wp-content\/uploads\/2020\/05\/vlcsnap-2020-05-03-11h38m07s010-e1589021940301-768x328.png 768w, https:\/\/fgimeno.com\/wp-content\/uploads\/2020\/05\/vlcsnap-2020-05-03-11h38m07s010-e1589021940301.png 1280w\" sizes=\"(max-width: 1024px) 100vw, 1024px\" \/><\/figure><\/li><\/ul><\/figure>","protected":false},"excerpt":{"rendered":"<p>We are a collective of independent music artists who create sound for media. From underscores and soundscapes, to source music and sound design, we work together to make sound for<a href=\"https:\/\/fgimeno.com\/es\/soundprints\/\" class=\"more-link\"><span class=\"readmore\">Seguir leyendo<span class=\"screen-reader-text\">SoundPrints London<\/span><\/span><\/a><\/p>","protected":false},"author":1,"featured_media":0,"parent":0,"menu_order":0,"comment_status":"closed","ping_status":"closed","template":"","meta":{"_monsterinsights_skip_tracking":false,"_monsterinsights_sitenote_active":false,"_monsterinsights_sitenote_note":"","_monsterinsights_sitenote_category":0,"footnotes":""},"class_list":["post-498","page","type-page","status-publish","hentry"],"yoast_head":"<!-- This site is optimized with the Yoast SEO plugin v27.0 - https:\/\/yoast.com\/product\/yoast-seo-wordpress\/ -->\n<title>SoundPrints London - Fernando Gimeno<\/title>\n<meta name=\"robots\" content=\"index, follow, max-snippet:-1, max-image-preview:large, max-video-preview:-1\" \/>\n<link rel=\"canonical\" href=\"https:\/\/fgimeno.com\/es\/soundprints\/\" \/>\n<meta property=\"og:locale\" content=\"es_ES\" \/>\n<meta property=\"og:type\" content=\"article\" \/>\n<meta property=\"og:title\" content=\"SoundPrints London - Fernando Gimeno\" \/>\n<meta property=\"og:description\" content=\"We are a collective of independent music artists who create sound for media. From underscores and soundscapes, to source music and sound design, we work together to make sound forSeguir leyendoSoundPrints London\" \/>\n<meta property=\"og:url\" content=\"https:\/\/fgimeno.com\/es\/soundprints\/\" \/>\n<meta property=\"og:site_name\" content=\"Fernando Gimeno\" \/>\n<meta property=\"article:modified_time\" content=\"2026-02-15T09:46:15+00:00\" \/>\n<meta property=\"og:image\" content=\"http:\/\/fgimeno.com\/wp-content\/uploads\/2020\/05\/descarga.png\" \/>\n<meta name=\"twitter:card\" content=\"summary_large_image\" \/>\n<meta name=\"twitter:label1\" content=\"Tiempo de lectura\" \/>\n\t<meta name=\"twitter:data1\" content=\"1 minuto\" \/>\n<script type=\"application\/ld+json\" class=\"yoast-schema-graph\">{\"@context\":\"https:\/\/schema.org\",\"@graph\":[{\"@type\":\"WebPage\",\"@id\":\"https:\/\/fgimeno.com\/soundprints\/\",\"url\":\"https:\/\/fgimeno.com\/soundprints\/\",\"name\":\"SoundPrints London - Fernando Gimeno\",\"isPartOf\":{\"@id\":\"https:\/\/fgimeno.com\/#website\"},\"primaryImageOfPage\":{\"@id\":\"https:\/\/fgimeno.com\/soundprints\/#primaryimage\"},\"image\":{\"@id\":\"https:\/\/fgimeno.com\/soundprints\/#primaryimage\"},\"thumbnailUrl\":\"http:\/\/fgimeno.com\/wp-content\/uploads\/2020\/05\/descarga.png\",\"datePublished\":\"2020-05-09T08:36:34+00:00\",\"dateModified\":\"2026-02-15T09:46:15+00:00\",\"breadcrumb\":{\"@id\":\"https:\/\/fgimeno.com\/soundprints\/#breadcrumb\"},\"inLanguage\":\"es\",\"potentialAction\":[{\"@type\":\"ReadAction\",\"target\":[\"https:\/\/fgimeno.com\/soundprints\/\"]}]},{\"@type\":\"ImageObject\",\"inLanguage\":\"es\",\"@id\":\"https:\/\/fgimeno.com\/soundprints\/#primaryimage\",\"url\":\"http:\/\/fgimeno.com\/wp-content\/uploads\/2020\/05\/descarga.png\",\"contentUrl\":\"http:\/\/fgimeno.com\/wp-content\/uploads\/2020\/05\/descarga.png\"},{\"@type\":\"BreadcrumbList\",\"@id\":\"https:\/\/fgimeno.com\/soundprints\/#breadcrumb\",\"itemListElement\":[{\"@type\":\"ListItem\",\"position\":1,\"name\":\"Portada\",\"item\":\"https:\/\/fgimeno.com\/\"},{\"@type\":\"ListItem\",\"position\":2,\"name\":\"SoundPrints London\"}]},{\"@type\":\"WebSite\",\"@id\":\"https:\/\/fgimeno.com\/#website\",\"url\":\"https:\/\/fgimeno.com\/\",\"name\":\"Fernando Gimeno\",\"description\":\"Composer &amp; Audio Director | London - Madrid\",\"publisher\":{\"@id\":\"https:\/\/fgimeno.com\/#\/schema\/person\/784647d83b68de5e963b594f75d86722\"},\"potentialAction\":[{\"@type\":\"SearchAction\",\"target\":{\"@type\":\"EntryPoint\",\"urlTemplate\":\"https:\/\/fgimeno.com\/?s={search_term_string}\"},\"query-input\":{\"@type\":\"PropertyValueSpecification\",\"valueRequired\":true,\"valueName\":\"search_term_string\"}}],\"inLanguage\":\"es\"},{\"@type\":[\"Person\",\"Organization\"],\"@id\":\"https:\/\/fgimeno.com\/#\/schema\/person\/784647d83b68de5e963b594f75d86722\",\"name\":\"fgimeno\",\"image\":{\"@type\":\"ImageObject\",\"inLanguage\":\"es\",\"@id\":\"https:\/\/fgimeno.com\/#\/schema\/person\/image\/\",\"url\":\"https:\/\/secure.gravatar.com\/avatar\/175350c6b59cc4b7fd0b87c428ffed3bc47c0d237659b85a602004e9e456b081?s=96&d=mm&r=g\",\"contentUrl\":\"https:\/\/secure.gravatar.com\/avatar\/175350c6b59cc4b7fd0b87c428ffed3bc47c0d237659b85a602004e9e456b081?s=96&d=mm&r=g\",\"caption\":\"fgimeno\"},\"logo\":{\"@id\":\"https:\/\/fgimeno.com\/#\/schema\/person\/image\/\"}}]}<\/script>\n<!-- \/ Yoast SEO plugin. -->","yoast_head_json":{"title":"SoundPrints London - Fernando Gimeno","robots":{"index":"index","follow":"follow","max-snippet":"max-snippet:-1","max-image-preview":"max-image-preview:large","max-video-preview":"max-video-preview:-1"},"canonical":"https:\/\/fgimeno.com\/es\/soundprints\/","og_locale":"es_ES","og_type":"article","og_title":"SoundPrints London - Fernando Gimeno","og_description":"We are a collective of independent music artists who create sound for media. From underscores and soundscapes, to source music and sound design, we work together to make sound forSeguir leyendoSoundPrints London","og_url":"https:\/\/fgimeno.com\/es\/soundprints\/","og_site_name":"Fernando Gimeno","article_modified_time":"2026-02-15T09:46:15+00:00","og_image":[{"url":"http:\/\/fgimeno.com\/wp-content\/uploads\/2020\/05\/descarga.png","type":"","width":"","height":""}],"twitter_card":"summary_large_image","twitter_misc":{"Tiempo de lectura":"1 minuto"},"schema":{"@context":"https:\/\/schema.org","@graph":[{"@type":"WebPage","@id":"https:\/\/fgimeno.com\/soundprints\/","url":"https:\/\/fgimeno.com\/soundprints\/","name":"SoundPrints London - Fernando Gimeno","isPartOf":{"@id":"https:\/\/fgimeno.com\/#website"},"primaryImageOfPage":{"@id":"https:\/\/fgimeno.com\/soundprints\/#primaryimage"},"image":{"@id":"https:\/\/fgimeno.com\/soundprints\/#primaryimage"},"thumbnailUrl":"http:\/\/fgimeno.com\/wp-content\/uploads\/2020\/05\/descarga.png","datePublished":"2020-05-09T08:36:34+00:00","dateModified":"2026-02-15T09:46:15+00:00","breadcrumb":{"@id":"https:\/\/fgimeno.com\/soundprints\/#breadcrumb"},"inLanguage":"es","potentialAction":[{"@type":"ReadAction","target":["https:\/\/fgimeno.com\/soundprints\/"]}]},{"@type":"ImageObject","inLanguage":"es","@id":"https:\/\/fgimeno.com\/soundprints\/#primaryimage","url":"http:\/\/fgimeno.com\/wp-content\/uploads\/2020\/05\/descarga.png","contentUrl":"http:\/\/fgimeno.com\/wp-content\/uploads\/2020\/05\/descarga.png"},{"@type":"BreadcrumbList","@id":"https:\/\/fgimeno.com\/soundprints\/#breadcrumb","itemListElement":[{"@type":"ListItem","position":1,"name":"Portada","item":"https:\/\/fgimeno.com\/"},{"@type":"ListItem","position":2,"name":"SoundPrints London"}]},{"@type":"WebSite","@id":"https:\/\/fgimeno.com\/#website","url":"https:\/\/fgimeno.com\/","name":"Fernando Gimeno","description":"Composer &amp; Audio Director | London - Madrid","publisher":{"@id":"https:\/\/fgimeno.com\/#\/schema\/person\/784647d83b68de5e963b594f75d86722"},"potentialAction":[{"@type":"SearchAction","target":{"@type":"EntryPoint","urlTemplate":"https:\/\/fgimeno.com\/?s={search_term_string}"},"query-input":{"@type":"PropertyValueSpecification","valueRequired":true,"valueName":"search_term_string"}}],"inLanguage":"es"},{"@type":["Person","Organization"],"@id":"https:\/\/fgimeno.com\/#\/schema\/person\/784647d83b68de5e963b594f75d86722","name":"fgimeno","image":{"@type":"ImageObject","inLanguage":"es","@id":"https:\/\/fgimeno.com\/#\/schema\/person\/image\/","url":"https:\/\/secure.gravatar.com\/avatar\/175350c6b59cc4b7fd0b87c428ffed3bc47c0d237659b85a602004e9e456b081?s=96&d=mm&r=g","contentUrl":"https:\/\/secure.gravatar.com\/avatar\/175350c6b59cc4b7fd0b87c428ffed3bc47c0d237659b85a602004e9e456b081?s=96&d=mm&r=g","caption":"fgimeno"},"logo":{"@id":"https:\/\/fgimeno.com\/#\/schema\/person\/image\/"}}]}},"_links":{"self":[{"href":"https:\/\/fgimeno.com\/es\/wp-json\/wp\/v2\/pages\/498","targetHints":{"allow":["GET"]}}],"collection":[{"href":"https:\/\/fgimeno.com\/es\/wp-json\/wp\/v2\/pages"}],"about":[{"href":"https:\/\/fgimeno.com\/es\/wp-json\/wp\/v2\/types\/page"}],"author":[{"embeddable":true,"href":"https:\/\/fgimeno.com\/es\/wp-json\/wp\/v2\/users\/1"}],"replies":[{"embeddable":true,"href":"https:\/\/fgimeno.com\/es\/wp-json\/wp\/v2\/comments?post=498"}],"version-history":[{"count":30,"href":"https:\/\/fgimeno.com\/es\/wp-json\/wp\/v2\/pages\/498\/revisions"}],"predecessor-version":[{"id":1018,"href":"https:\/\/fgimeno.com\/es\/wp-json\/wp\/v2\/pages\/498\/revisions\/1018"}],"wp:attachment":[{"href":"https:\/\/fgimeno.com\/es\/wp-json\/wp\/v2\/media?parent=498"}],"curies":[{"name":"wp","href":"https:\/\/api.w.org\/{rel}","templated":true}]}}